{"id":14,"date":"2024-06-18T09:00:25","date_gmt":"2024-06-18T07:00:25","guid":{"rendered":"https:\/\/home-5017559752.webspace-host.com\/?page_id=14"},"modified":"2025-01-16T13:44:43","modified_gmt":"2025-01-16T12:44:43","slug":"cookies","status":"publish","type":"page","link":"https:\/\/divinasupsidedown.com\/de\/cookies\/","title":{"rendered":"Cookies-Politik"},"content":{"rendered":"<div data-elementor-type=\"wp-page\" data-elementor-id=\"14\" class=\"elementor elementor-14\" data-elementor-post-type=\"page\">\n\t\t\t\t\t\t<section class=\"elementor-section elementor-top-section elementor-element elementor-element-2ca74d01 elementor-section-boxed elementor-section-height-default elementor-section-height-default\" data-id=\"2ca74d01\" data-element_type=\"section\" data-e-type=\"section\" data-settings=\"{&quot;background_background&quot;:&quot;classic&quot;}\">\n\t\t\t\t\t\t\t<div class=\"elementor-background-overlay\"><\/div>\n\t\t\t\t\t\t\t<div class=\"elementor-container elementor-column-gap-default\">\n\t\t\t\t\t<div class=\"elementor-column elementor-col-100 elementor-top-column elementor-element elementor-element-7fc7bb7\" data-id=\"7fc7bb7\" data-element_type=\"column\" data-e-type=\"column\">\n\t\t\t<div class=\"elementor-widget-wrap elementor-element-populated\">\n\t\t\t\t\t\t<div class=\"elementor-element elementor-element-60914db3 elementor-widget elementor-widget-heading\" data-id=\"60914db3\" data-element_type=\"widget\" data-e-type=\"widget\" data-widget_type=\"heading.default\">\n\t\t\t\t<div class=\"elementor-widget-container\">\n\t\t\t\t\t<h2 class=\"elementor-heading-title elementor-size-default\">Cookie-Richtlinie<\/h2>\t\t\t\t<\/div>\n\t\t\t\t<\/div>\n\t\t\t\t\t<\/div>\n\t\t<\/div>\n\t\t\t\t\t<\/div>\n\t\t<\/section>\n\t\t<div class=\"elementor-element elementor-element-1c4a6ced e-flex e-con-boxed e-con e-parent\" data-id=\"1c4a6ced\" data-element_type=\"container\" data-e-type=\"container\">\n\t\t\t\t\t<div class=\"e-con-inner\">\n\t\t\t\t<div class=\"elementor-element elementor-element-4779e389 elementor-widget elementor-widget-text-editor\" data-id=\"4779e389\" data-element_type=\"widget\" data-e-type=\"widget\" data-widget_type=\"text-editor.default\">\n\t\t\t\t<div class=\"elementor-widget-container\">\n\t\t\t\t\t\t\t\t\t<p>Der Zugang zu dieser Website kann die Verwendung von Cookies beinhalten. Cookies sind kleine Informationsmengen, die in dem von jedem Nutzer verwendeten Browser - in den verschiedenen Ger\u00e4ten, die zum Surfen verwendet werden k\u00f6nnen - gespeichert werden, so dass sich der Server bestimmte Informationen merkt, die sp\u00e4ter nur von dem Server gelesen werden k\u00f6nnen, der sie implementiert hat. Cookies machen das Surfen einfacher, benutzerfreundlicher und besch\u00e4digen das Ger\u00e4t nicht.<\/p><p>Cookies sind automatische Verfahren zur Sammlung von Informationen \u00fcber die vom Nutzer w\u00e4hrend seines Besuchs auf der Website festgelegten Pr\u00e4ferenzen, um ihn als Nutzer zu erkennen und seine Erfahrung und Nutzung der Website zu personalisieren, und k\u00f6nnen beispielsweise auch dazu beitragen, Fehler zu erkennen und zu beheben.<\/p><p>Die durch Cookies gesammelten Informationen k\u00f6nnen das Datum und die Uhrzeit der Besuche auf der Website, die besuchten Seiten, die auf der Website verbrachte Zeit und die unmittelbar vor und nach der Website besuchten Websites umfassen. Kein Cookie erlaubt es dem Cookie jedoch, die Telefonnummer des Nutzers oder ein anderes Mittel zur pers\u00f6nlichen Kontaktaufnahme zu ermitteln. Kein Cookie kann Informationen von der Festplatte des Benutzers extrahieren oder pers\u00f6nliche Daten stehlen. Die einzige M\u00f6glichkeit, private Informationen des Benutzers in die Cookie-Datei aufzunehmen, besteht darin, dass der Benutzer diese Informationen pers\u00f6nlich an den Server weitergibt.<\/p><p>Cookies, die die Identifizierung einer Person erm\u00f6glichen, gelten als personenbezogene Daten. Daher gilt f\u00fcr sie die oben genannte Datenschutzrichtlinie. In diesem Zusammenhang erfordert die Verwendung von Cookies die Zustimmung des Nutzers. Diese Zustimmung wird auf der Grundlage einer echten Wahl, die durch eine best\u00e4tigende und positive Entscheidung vor der ersten Verarbeitung angeboten wird, mitgeteilt, entfernt und dokumentiert.<\/p><p>Deaktivierung, Ablehnung und L\u00f6schung von Cookies<br \/>Der Nutzer kann die auf seinem Ger\u00e4t installierten Cookies ganz oder teilweise deaktivieren, ablehnen oder l\u00f6schen, indem er seinen Browser (z. B. Chrome, Firefox, Safari, Explorer) konfiguriert. Die Verfahren zur Ablehnung und L\u00f6schung von Cookies k\u00f6nnen sich von einem Internetbrowser zum anderen unterscheiden. Daher muss der Nutzer die Anweisungen des von ihm verwendeten Internetbrowsers befolgen. Wenn Sie die Verwendung von Cookies - ganz oder teilweise - ablehnen, k\u00f6nnen Sie die Website weiterhin nutzen, auch wenn die Nutzung einiger ihrer Funktionen eingeschr\u00e4nkt sein kann.<\/p>\t\t\t\t\t\t\t\t<\/div>\n\t\t\t\t<\/div>\n\t\t\t\t\t<\/div>\n\t\t\t\t<\/div>\n\t\t\t\t<\/div>","protected":false},"excerpt":{"rendered":"<p>Pol\u00edtica de Cookies El acceso a este Sitio Web puede implicar la utilizaci\u00f3n de cookies. Las cookies son peque\u00f1as cantidades de informaci\u00f3n que se almacenan en el navegador utilizado por cada Usuario \u2014en los distintos dispositivos que pueda utilizar para navegar\u2014 para que el servidor recuerde cierta informaci\u00f3n que posteriormente y \u00fanicamente el servidor que [&hellip;]<\/p>\n","protected":false},"author":2,"featured_media":0,"parent":0,"menu_order":0,"comment_status":"closed","ping_status":"closed","template":"elementor_header_footer","meta":{"footnotes":""},"class_list":["post-14","page","type-page","status-publish","hentry"],"yoast_head":"<!-- This site is optimized with the Yoast SEO plugin v27.5 - https:\/\/yoast.com\/product\/yoast-seo-wordpress\/ -->\n<title>Pol\u00edtica de cookies - DIVINAS Upside Down<\/title>\n<meta name=\"robots\" content=\"noindex, follow\" \/>\n<meta property=\"og:locale\" content=\"de_DE\" \/>\n<meta property=\"og:type\" content=\"article\" \/>\n<meta property=\"og:title\" content=\"Pol\u00edtica de cookies - DIVINAS Upside Down\" \/>\n<meta property=\"og:description\" content=\"Pol\u00edtica de Cookies El acceso a este Sitio Web puede implicar la utilizaci\u00f3n de cookies. Las cookies son peque\u00f1as cantidades de informaci\u00f3n que se almacenan en el navegador utilizado por cada Usuario \u2014en los distintos dispositivos que pueda utilizar para navegar\u2014 para que el servidor recuerde cierta informaci\u00f3n que posteriormente y \u00fanicamente el servidor que [&hellip;]\" \/>\n<meta property=\"og:url\" content=\"https:\/\/divinasupsidedown.com\/de\/cookies\/\" \/>\n<meta property=\"og:site_name\" content=\"DIVINAS Upside Down\" \/>\n<meta property=\"article:publisher\" content=\"https:\/\/www.facebook.com\/divinasupsidedown\/\" \/>\n<meta property=\"article:modified_time\" content=\"2025-01-16T12:44:43+00:00\" \/>\n<meta name=\"twitter:card\" content=\"summary_large_image\" \/>\n<script type=\"application\/ld+json\" class=\"yoast-schema-graph\">{\"@context\":\"https:\\\/\\\/schema.org\",\"@graph\":[{\"@type\":\"WebPage\",\"@id\":\"https:\\\/\\\/divinasupsidedown.com\\\/cookies\\\/\",\"url\":\"https:\\\/\\\/divinasupsidedown.com\\\/cookies\\\/\",\"name\":\"Pol\u00edtica de cookies - DIVINAS Upside Down\",\"isPartOf\":{\"@id\":\"https:\\\/\\\/divinasupsidedown.com\\\/#website\"},\"datePublished\":\"2024-06-18T07:00:25+00:00\",\"dateModified\":\"2025-01-16T12:44:43+00:00\",\"breadcrumb\":{\"@id\":\"https:\\\/\\\/divinasupsidedown.com\\\/cookies\\\/#breadcrumb\"},\"inLanguage\":\"de\",\"potentialAction\":[{\"@type\":\"ReadAction\",\"target\":[\"https:\\\/\\\/divinasupsidedown.com\\\/cookies\\\/\"]}]},{\"@type\":\"BreadcrumbList\",\"@id\":\"https:\\\/\\\/divinasupsidedown.com\\\/cookies\\\/#breadcrumb\",\"itemListElement\":[{\"@type\":\"ListItem\",\"position\":1,\"name\":\"Portada\",\"item\":\"https:\\\/\\\/divinasupsidedown.com\\\/\"},{\"@type\":\"ListItem\",\"position\":2,\"name\":\"Pol\u00edtica de cookies\"}]},{\"@type\":\"WebSite\",\"@id\":\"https:\\\/\\\/divinasupsidedown.com\\\/#website\",\"url\":\"https:\\\/\\\/divinasupsidedown.com\\\/\",\"name\":\"DIVINAS Upside Down\",\"description\":\"Coaching Personal\",\"publisher\":{\"@id\":\"https:\\\/\\\/divinasupsidedown.com\\\/#organization\"},\"potentialAction\":[{\"@type\":\"SearchAction\",\"target\":{\"@type\":\"EntryPoint\",\"urlTemplate\":\"https:\\\/\\\/divinasupsidedown.com\\\/?s={search_term_string}\"},\"query-input\":{\"@type\":\"PropertyValueSpecification\",\"valueRequired\":true,\"valueName\":\"search_term_string\"}}],\"inLanguage\":\"de\"},{\"@type\":\"Organization\",\"@id\":\"https:\\\/\\\/divinasupsidedown.com\\\/#organization\",\"name\":\"DIVINAS Upside Down\",\"url\":\"https:\\\/\\\/divinasupsidedown.com\\\/\",\"logo\":{\"@type\":\"ImageObject\",\"inLanguage\":\"de\",\"@id\":\"https:\\\/\\\/divinasupsidedown.com\\\/#\\\/schema\\\/logo\\\/image\\\/\",\"url\":\"https:\\\/\\\/divinasupsidedown.com\\\/wp-content\\\/uploads\\\/2024\\\/12\\\/divinas_logo.png\",\"contentUrl\":\"https:\\\/\\\/divinasupsidedown.com\\\/wp-content\\\/uploads\\\/2024\\\/12\\\/divinas_logo.png\",\"width\":750,\"height\":220,\"caption\":\"DIVINAS Upside Down\"},\"image\":{\"@id\":\"https:\\\/\\\/divinasupsidedown.com\\\/#\\\/schema\\\/logo\\\/image\\\/\"},\"sameAs\":[\"https:\\\/\\\/www.facebook.com\\\/divinasupsidedown\\\/\",\"https:\\\/\\\/www.instagram.com\\\/divinasupsidedown\\\/\"]}]}<\/script>\n<!-- \/ Yoast SEO plugin. -->","yoast_head_json":{"title":"Pol\u00edtica de cookies - DIVINAS Upside Down","robots":{"index":"noindex","follow":"follow"},"og_locale":"de_DE","og_type":"article","og_title":"Pol\u00edtica de cookies - DIVINAS Upside Down","og_description":"Pol\u00edtica de Cookies El acceso a este Sitio Web puede implicar la utilizaci\u00f3n de cookies. Las cookies son peque\u00f1as cantidades de informaci\u00f3n que se almacenan en el navegador utilizado por cada Usuario \u2014en los distintos dispositivos que pueda utilizar para navegar\u2014 para que el servidor recuerde cierta informaci\u00f3n que posteriormente y \u00fanicamente el servidor que [&hellip;]","og_url":"https:\/\/divinasupsidedown.com\/de\/cookies\/","og_site_name":"DIVINAS Upside Down","article_publisher":"https:\/\/www.facebook.com\/divinasupsidedown\/","article_modified_time":"2025-01-16T12:44:43+00:00","twitter_card":"summary_large_image","schema":{"@context":"https:\/\/schema.org","@graph":[{"@type":"WebPage","@id":"https:\/\/divinasupsidedown.com\/cookies\/","url":"https:\/\/divinasupsidedown.com\/cookies\/","name":"Pol\u00edtica de cookies - DIVINAS Upside Down","isPartOf":{"@id":"https:\/\/divinasupsidedown.com\/#website"},"datePublished":"2024-06-18T07:00:25+00:00","dateModified":"2025-01-16T12:44:43+00:00","breadcrumb":{"@id":"https:\/\/divinasupsidedown.com\/cookies\/#breadcrumb"},"inLanguage":"de","potentialAction":[{"@type":"ReadAction","target":["https:\/\/divinasupsidedown.com\/cookies\/"]}]},{"@type":"BreadcrumbList","@id":"https:\/\/divinasupsidedown.com\/cookies\/#breadcrumb","itemListElement":[{"@type":"ListItem","position":1,"name":"Portada","item":"https:\/\/divinasupsidedown.com\/"},{"@type":"ListItem","position":2,"name":"Pol\u00edtica de cookies"}]},{"@type":"WebSite","@id":"https:\/\/divinasupsidedown.com\/#website","url":"https:\/\/divinasupsidedown.com\/","name":"DIVINAS auf den Kopf gestellt","description":"Coaching Personal","publisher":{"@id":"https:\/\/divinasupsidedown.com\/#organization"},"potentialAction":[{"@type":"SearchAction","target":{"@type":"EntryPoint","urlTemplate":"https:\/\/divinasupsidedown.com\/?s={search_term_string}"},"query-input":{"@type":"PropertyValueSpecification","valueRequired":true,"valueName":"search_term_string"}}],"inLanguage":"de"},{"@type":"Organization","@id":"https:\/\/divinasupsidedown.com\/#organization","name":"DIVINAS auf den Kopf gestellt","url":"https:\/\/divinasupsidedown.com\/","logo":{"@type":"ImageObject","inLanguage":"de","@id":"https:\/\/divinasupsidedown.com\/#\/schema\/logo\/image\/","url":"https:\/\/divinasupsidedown.com\/wp-content\/uploads\/2024\/12\/divinas_logo.png","contentUrl":"https:\/\/divinasupsidedown.com\/wp-content\/uploads\/2024\/12\/divinas_logo.png","width":750,"height":220,"caption":"DIVINAS Upside Down"},"image":{"@id":"https:\/\/divinasupsidedown.com\/#\/schema\/logo\/image\/"},"sameAs":["https:\/\/www.facebook.com\/divinasupsidedown\/","https:\/\/www.instagram.com\/divinasupsidedown\/"]}]}},"_links":{"self":[{"href":"https:\/\/divinasupsidedown.com\/de\/wp-json\/wp\/v2\/pages\/14","targetHints":{"allow":["GET"]}}],"collection":[{"href":"https:\/\/divinasupsidedown.com\/de\/wp-json\/wp\/v2\/pages"}],"about":[{"href":"https:\/\/divinasupsidedown.com\/de\/wp-json\/wp\/v2\/types\/page"}],"author":[{"embeddable":true,"href":"https:\/\/divinasupsidedown.com\/de\/wp-json\/wp\/v2\/users\/2"}],"replies":[{"embeddable":true,"href":"https:\/\/divinasupsidedown.com\/de\/wp-json\/wp\/v2\/comments?post=14"}],"version-history":[{"count":7,"href":"https:\/\/divinasupsidedown.com\/de\/wp-json\/wp\/v2\/pages\/14\/revisions"}],"predecessor-version":[{"id":637,"href":"https:\/\/divinasupsidedown.com\/de\/wp-json\/wp\/v2\/pages\/14\/revisions\/637"}],"wp:attachment":[{"href":"https:\/\/divinasupsidedown.com\/de\/wp-json\/wp\/v2\/media?parent=14"}],"curies":[{"name":"wp","href":"https:\/\/api.w.org\/{rel}","templated":true}]}}